{"id":5942,"date":"2022-08-24T19:57:31","date_gmt":"2022-08-24T19:57:31","guid":{"rendered":"https:\/\/actua.ca\/?page_id=5942"},"modified":"2022-08-24T20:04:42","modified_gmt":"2022-08-24T20:04:42","slug":"equite-diversite-inclusion-et-accessibilite-chez-actua","status":"publish","type":"page","link":"https:\/\/actua.ca\/fr\/equite-diversite-inclusion-et-accessibilite-chez-actua","title":{"rendered":"\u00c9quit\u00e9, diversit\u00e9, inclusion et accessibilit\u00e9 chez Actua"},"content":{"rendered":"","protected":false},"excerpt":{"rendered":"","protected":false},"author":4,"featured_media":0,"parent":0,"menu_order":0,"comment_status":"closed","ping_status":"closed","template":"templates\/page-initiative.php","meta":{"_acf_changed":false,"h5ap_radio_sources":[],"footnotes":""},"class_list":["post-5942","page","type-page","status-publish","hentry"],"acf":[],"yoast_head":"<!-- This site is optimized with the Yoast SEO plugin v27.4 - https:\/\/yoast.com\/product\/yoast-seo-wordpress\/ -->\n<title>\u00c9quit\u00e9, diversit\u00e9, inclusion et accessibilit\u00e9 chez Actua - Actua<\/title>\n<meta name=\"robots\" content=\"index, follow, max-snippet:-1, max-image-preview:large, max-video-preview:-1\" \/>\n<link rel=\"canonical\" href=\"https:\/\/actua.ca\/fr\/equite-diversite-inclusion-et-accessibilite-chez-actua\" \/>\n<meta property=\"og:locale\" content=\"fr_FR\" \/>\n<meta property=\"og:type\" content=\"article\" \/>\n<meta property=\"og:title\" content=\"\u00c9quit\u00e9, diversit\u00e9, inclusion et accessibilit\u00e9 chez Actua - Actua\" \/>\n<meta property=\"og:url\" content=\"https:\/\/actua.ca\/fr\/equite-diversite-inclusion-et-accessibilite-chez-actua\" \/>\n<meta property=\"og:site_name\" content=\"Actua\" \/>\n<meta property=\"article:modified_time\" content=\"2022-08-24T20:04:42+00:00\" \/>\n<meta name=\"twitter:card\" content=\"summary_large_image\" \/>\n<script type=\"application\/ld+json\" class=\"yoast-schema-graph\">{\"@context\":\"https:\\\/\\\/schema.org\",\"@graph\":[{\"@type\":\"WebPage\",\"@id\":\"https:\\\/\\\/actua.ca\\\/fr\\\/equite-diversite-inclusion-et-accessibilite-chez-actua\",\"url\":\"https:\\\/\\\/actua.ca\\\/fr\\\/equite-diversite-inclusion-et-accessibilite-chez-actua\",\"name\":\"\u00c9quit\u00e9, diversit\u00e9, inclusion et accessibilit\u00e9 chez Actua - Actua\",\"isPartOf\":{\"@id\":\"https:\\\/\\\/actua.ca\\\/#website\"},\"datePublished\":\"2022-08-24T19:57:31+00:00\",\"dateModified\":\"2022-08-24T20:04:42+00:00\",\"breadcrumb\":{\"@id\":\"https:\\\/\\\/actua.ca\\\/fr\\\/equite-diversite-inclusion-et-accessibilite-chez-actua#breadcrumb\"},\"inLanguage\":\"fr-FR\",\"potentialAction\":[{\"@type\":\"ReadAction\",\"target\":[\"https:\\\/\\\/actua.ca\\\/fr\\\/equite-diversite-inclusion-et-accessibilite-chez-actua\"]}]},{\"@type\":\"BreadcrumbList\",\"@id\":\"https:\\\/\\\/actua.ca\\\/fr\\\/equite-diversite-inclusion-et-accessibilite-chez-actua#breadcrumb\",\"itemListElement\":[{\"@type\":\"ListItem\",\"position\":1,\"name\":\"Home\",\"item\":\"https:\\\/\\\/actua.ca\\\/fr\"},{\"@type\":\"ListItem\",\"position\":2,\"name\":\"\u00c9quit\u00e9, diversit\u00e9, inclusion et accessibilit\u00e9 chez Actua\"}]},{\"@type\":\"WebSite\",\"@id\":\"https:\\\/\\\/actua.ca\\\/#website\",\"url\":\"https:\\\/\\\/actua.ca\\\/\",\"name\":\"Actua\",\"description\":\"\",\"potentialAction\":[{\"@type\":\"SearchAction\",\"target\":{\"@type\":\"EntryPoint\",\"urlTemplate\":\"https:\\\/\\\/actua.ca\\\/?s={search_term_string}\"},\"query-input\":{\"@type\":\"PropertyValueSpecification\",\"valueRequired\":true,\"valueName\":\"search_term_string\"}}],\"inLanguage\":\"fr-FR\"}]}<\/script>\n<!-- \/ Yoast SEO plugin. -->","yoast_head_json":{"title":"\u00c9quit\u00e9, diversit\u00e9, inclusion et accessibilit\u00e9 chez Actua - Actua","robots":{"index":"index","follow":"follow","max-snippet":"max-snippet:-1","max-image-preview":"max-image-preview:large","max-video-preview":"max-video-preview:-1"},"canonical":"https:\/\/actua.ca\/fr\/equite-diversite-inclusion-et-accessibilite-chez-actua","og_locale":"fr_FR","og_type":"article","og_title":"\u00c9quit\u00e9, diversit\u00e9, inclusion et accessibilit\u00e9 chez Actua - Actua","og_url":"https:\/\/actua.ca\/fr\/equite-diversite-inclusion-et-accessibilite-chez-actua","og_site_name":"Actua","article_modified_time":"2022-08-24T20:04:42+00:00","twitter_card":"summary_large_image","schema":{"@context":"https:\/\/schema.org","@graph":[{"@type":"WebPage","@id":"https:\/\/actua.ca\/fr\/equite-diversite-inclusion-et-accessibilite-chez-actua","url":"https:\/\/actua.ca\/fr\/equite-diversite-inclusion-et-accessibilite-chez-actua","name":"\u00c9quit\u00e9, diversit\u00e9, inclusion et accessibilit\u00e9 chez Actua - Actua","isPartOf":{"@id":"https:\/\/actua.ca\/#website"},"datePublished":"2022-08-24T19:57:31+00:00","dateModified":"2022-08-24T20:04:42+00:00","breadcrumb":{"@id":"https:\/\/actua.ca\/fr\/equite-diversite-inclusion-et-accessibilite-chez-actua#breadcrumb"},"inLanguage":"fr-FR","potentialAction":[{"@type":"ReadAction","target":["https:\/\/actua.ca\/fr\/equite-diversite-inclusion-et-accessibilite-chez-actua"]}]},{"@type":"BreadcrumbList","@id":"https:\/\/actua.ca\/fr\/equite-diversite-inclusion-et-accessibilite-chez-actua#breadcrumb","itemListElement":[{"@type":"ListItem","position":1,"name":"Home","item":"https:\/\/actua.ca\/fr"},{"@type":"ListItem","position":2,"name":"\u00c9quit\u00e9, diversit\u00e9, inclusion et accessibilit\u00e9 chez Actua"}]},{"@type":"WebSite","@id":"https:\/\/actua.ca\/#website","url":"https:\/\/actua.ca\/","name":"Actua","description":"","potentialAction":[{"@type":"SearchAction","target":{"@type":"EntryPoint","urlTemplate":"https:\/\/actua.ca\/?s={search_term_string}"},"query-input":{"@type":"PropertyValueSpecification","valueRequired":true,"valueName":"search_term_string"}}],"inLanguage":"fr-FR"}]}},"_links":{"self":[{"href":"https:\/\/actua.ca\/fr\/wp-json\/wp\/v2\/pages\/5942","targetHints":{"allow":["GET"]}}],"collection":[{"href":"https:\/\/actua.ca\/fr\/wp-json\/wp\/v2\/pages"}],"about":[{"href":"https:\/\/actua.ca\/fr\/wp-json\/wp\/v2\/types\/page"}],"author":[{"embeddable":true,"href":"https:\/\/actua.ca\/fr\/wp-json\/wp\/v2\/users\/4"}],"replies":[{"embeddable":true,"href":"https:\/\/actua.ca\/fr\/wp-json\/wp\/v2\/comments?post=5942"}],"version-history":[{"count":0,"href":"https:\/\/actua.ca\/fr\/wp-json\/wp\/v2\/pages\/5942\/revisions"}],"wp:attachment":[{"href":"https:\/\/actua.ca\/fr\/wp-json\/wp\/v2\/media?parent=5942"}],"curies":[{"name":"wp","href":"https:\/\/api.w.org\/{rel}","templated":true}]}}