{"id":4051,"date":"2022-03-10T03:25:20","date_gmt":"2022-03-10T03:25:20","guid":{"rendered":"https:\/\/actuastem.wpengine.com\/?page_id=4051"},"modified":"2023-11-28T11:36:10","modified_gmt":"2023-11-28T15:36:10","slug":"nous-joindre","status":"publish","type":"page","link":"https:\/\/actua.ca\/fr\/nous-joindre","title":{"rendered":"Nous joindre"},"content":{"rendered":"","protected":false},"excerpt":{"rendered":"","protected":false},"author":13,"featured_media":0,"parent":0,"menu_order":0,"comment_status":"closed","ping_status":"closed","template":"templates\/page-pattern-library.php","meta":{"_acf_changed":false,"h5ap_radio_sources":[],"footnotes":""},"class_list":["post-4051","page","type-page","status-publish","hentry"],"acf":[],"yoast_head":"<!-- This site is optimized with the Yoast SEO plugin v27.3 - https:\/\/yoast.com\/product\/yoast-seo-wordpress\/ -->\n<title>Nous joindre \u00a0| Actua<\/title>\n<meta name=\"description\" content=\"L&#039;\u00e9quipe Actua se fera un plaisir de r\u00e9pondre \u00e0 vos questions. Contactez-nous par courriel, par t\u00e9l\u00e9phone ou en personne!\" \/>\n<meta name=\"robots\" content=\"index, follow, max-snippet:-1, max-image-preview:large, max-video-preview:-1\" \/>\n<link rel=\"canonical\" href=\"https:\/\/actua.ca\/fr\/nous-joindre\" \/>\n<meta property=\"og:locale\" content=\"fr_FR\" \/>\n<meta property=\"og:type\" content=\"article\" \/>\n<meta property=\"og:title\" content=\"Nous joindre \u00a0| Actua\" \/>\n<meta property=\"og:description\" content=\"L&#039;\u00e9quipe Actua se fera un plaisir de r\u00e9pondre \u00e0 vos questions. Contactez-nous par courriel, par t\u00e9l\u00e9phone ou en personne!\" \/>\n<meta property=\"og:url\" content=\"https:\/\/actua.ca\/fr\/nous-joindre\" \/>\n<meta property=\"og:site_name\" content=\"Actua\" \/>\n<meta property=\"article:modified_time\" content=\"2023-11-28T15:36:10+00:00\" \/>\n<meta name=\"twitter:card\" content=\"summary_large_image\" \/>\n<script type=\"application\/ld+json\" class=\"yoast-schema-graph\">{\"@context\":\"https:\\\/\\\/schema.org\",\"@graph\":[{\"@type\":\"WebPage\",\"@id\":\"https:\\\/\\\/actua.ca\\\/fr\\\/nous-joindre\",\"url\":\"https:\\\/\\\/actua.ca\\\/fr\\\/nous-joindre\",\"name\":\"Nous joindre \u00a0| Actua\",\"isPartOf\":{\"@id\":\"https:\\\/\\\/actua.ca\\\/#website\"},\"datePublished\":\"2022-03-10T03:25:20+00:00\",\"dateModified\":\"2023-11-28T15:36:10+00:00\",\"description\":\"L'\u00e9quipe Actua se fera un plaisir de r\u00e9pondre \u00e0 vos questions. Contactez-nous par courriel, par t\u00e9l\u00e9phone ou en personne!\",\"breadcrumb\":{\"@id\":\"https:\\\/\\\/actua.ca\\\/fr\\\/nous-joindre#breadcrumb\"},\"inLanguage\":\"fr-FR\",\"potentialAction\":[{\"@type\":\"ReadAction\",\"target\":[\"https:\\\/\\\/actua.ca\\\/fr\\\/nous-joindre\"]}]},{\"@type\":\"BreadcrumbList\",\"@id\":\"https:\\\/\\\/actua.ca\\\/fr\\\/nous-joindre#breadcrumb\",\"itemListElement\":[{\"@type\":\"ListItem\",\"position\":1,\"name\":\"Home\",\"item\":\"https:\\\/\\\/actua.ca\\\/fr\"},{\"@type\":\"ListItem\",\"position\":2,\"name\":\"Nous joindre\"}]},{\"@type\":\"WebSite\",\"@id\":\"https:\\\/\\\/actua.ca\\\/#website\",\"url\":\"https:\\\/\\\/actua.ca\\\/\",\"name\":\"Actua\",\"description\":\"\",\"potentialAction\":[{\"@type\":\"SearchAction\",\"target\":{\"@type\":\"EntryPoint\",\"urlTemplate\":\"https:\\\/\\\/actua.ca\\\/?s={search_term_string}\"},\"query-input\":{\"@type\":\"PropertyValueSpecification\",\"valueRequired\":true,\"valueName\":\"search_term_string\"}}],\"inLanguage\":\"fr-FR\"}]}<\/script>\n<!-- \/ Yoast SEO plugin. -->","yoast_head_json":{"title":"Nous joindre \u00a0| Actua","description":"L'\u00e9quipe Actua se fera un plaisir de r\u00e9pondre \u00e0 vos questions. Contactez-nous par courriel, par t\u00e9l\u00e9phone ou en personne!","robots":{"index":"index","follow":"follow","max-snippet":"max-snippet:-1","max-image-preview":"max-image-preview:large","max-video-preview":"max-video-preview:-1"},"canonical":"https:\/\/actua.ca\/fr\/nous-joindre","og_locale":"fr_FR","og_type":"article","og_title":"Nous joindre \u00a0| Actua","og_description":"L'\u00e9quipe Actua se fera un plaisir de r\u00e9pondre \u00e0 vos questions. Contactez-nous par courriel, par t\u00e9l\u00e9phone ou en personne!","og_url":"https:\/\/actua.ca\/fr\/nous-joindre","og_site_name":"Actua","article_modified_time":"2023-11-28T15:36:10+00:00","twitter_card":"summary_large_image","schema":{"@context":"https:\/\/schema.org","@graph":[{"@type":"WebPage","@id":"https:\/\/actua.ca\/fr\/nous-joindre","url":"https:\/\/actua.ca\/fr\/nous-joindre","name":"Nous joindre \u00a0| Actua","isPartOf":{"@id":"https:\/\/actua.ca\/#website"},"datePublished":"2022-03-10T03:25:20+00:00","dateModified":"2023-11-28T15:36:10+00:00","description":"L'\u00e9quipe Actua se fera un plaisir de r\u00e9pondre \u00e0 vos questions. Contactez-nous par courriel, par t\u00e9l\u00e9phone ou en personne!","breadcrumb":{"@id":"https:\/\/actua.ca\/fr\/nous-joindre#breadcrumb"},"inLanguage":"fr-FR","potentialAction":[{"@type":"ReadAction","target":["https:\/\/actua.ca\/fr\/nous-joindre"]}]},{"@type":"BreadcrumbList","@id":"https:\/\/actua.ca\/fr\/nous-joindre#breadcrumb","itemListElement":[{"@type":"ListItem","position":1,"name":"Home","item":"https:\/\/actua.ca\/fr"},{"@type":"ListItem","position":2,"name":"Nous joindre"}]},{"@type":"WebSite","@id":"https:\/\/actua.ca\/#website","url":"https:\/\/actua.ca\/","name":"Actua","description":"","potentialAction":[{"@type":"SearchAction","target":{"@type":"EntryPoint","urlTemplate":"https:\/\/actua.ca\/?s={search_term_string}"},"query-input":{"@type":"PropertyValueSpecification","valueRequired":true,"valueName":"search_term_string"}}],"inLanguage":"fr-FR"}]}},"_links":{"self":[{"href":"https:\/\/actua.ca\/fr\/wp-json\/wp\/v2\/pages\/4051","targetHints":{"allow":["GET"]}}],"collection":[{"href":"https:\/\/actua.ca\/fr\/wp-json\/wp\/v2\/pages"}],"about":[{"href":"https:\/\/actua.ca\/fr\/wp-json\/wp\/v2\/types\/page"}],"author":[{"embeddable":true,"href":"https:\/\/actua.ca\/fr\/wp-json\/wp\/v2\/users\/13"}],"replies":[{"embeddable":true,"href":"https:\/\/actua.ca\/fr\/wp-json\/wp\/v2\/comments?post=4051"}],"version-history":[{"count":0,"href":"https:\/\/actua.ca\/fr\/wp-json\/wp\/v2\/pages\/4051\/revisions"}],"wp:attachment":[{"href":"https:\/\/actua.ca\/fr\/wp-json\/wp\/v2\/media?parent=4051"}],"curies":[{"name":"wp","href":"https:\/\/api.w.org\/{rel}","templated":true}]}}