{"id":3498,"date":"2022-03-04T00:55:50","date_gmt":"2022-03-04T00:55:50","guid":{"rendered":"https:\/\/actuastem.wpengine.com\/?page_id=3498"},"modified":"2025-11-12T11:50:11","modified_gmt":"2025-11-12T15:50:11","slug":"carrieres","status":"publish","type":"page","link":"https:\/\/actua.ca\/fr\/carrieres","title":{"rendered":"Carri\u00e8res"},"content":{"rendered":"","protected":false},"excerpt":{"rendered":"","protected":false},"author":13,"featured_media":0,"parent":0,"menu_order":0,"comment_status":"closed","ping_status":"closed","template":"templates\/page-pattern-library.php","meta":{"_acf_changed":false,"h5ap_radio_sources":[],"footnotes":""},"class_list":["post-3498","page","type-page","status-publish","hentry"],"acf":[],"yoast_head":"<!-- This site is optimized with the Yoast SEO plugin v27.3 - https:\/\/yoast.com\/product\/yoast-seo-wordpress\/ -->\n<title>Carri\u00e8res | Actua<\/title>\n<meta name=\"description\" content=\"Consultez les opportunit\u00e9s de carri\u00e8re en STIM chez Actua. Faites une diff\u00e9rence et aidez nous \u00e0 r\u00e9duire les in\u00e9galit\u00e9s dans l\u2019\u00e9cosyst\u00e8me de l\u2019innovation!\" \/>\n<meta name=\"robots\" content=\"index, follow, max-snippet:-1, max-image-preview:large, max-video-preview:-1\" \/>\n<link rel=\"canonical\" href=\"https:\/\/actua.ca\/fr\/carrieres\" \/>\n<meta property=\"og:locale\" content=\"fr_FR\" \/>\n<meta property=\"og:type\" content=\"article\" \/>\n<meta property=\"og:title\" content=\"Carri\u00e8res | Actua\" \/>\n<meta property=\"og:description\" content=\"Consultez les opportunit\u00e9s de carri\u00e8re en STIM chez Actua. Faites une diff\u00e9rence et aidez nous \u00e0 r\u00e9duire les in\u00e9galit\u00e9s dans l\u2019\u00e9cosyst\u00e8me de l\u2019innovation!\" \/>\n<meta property=\"og:url\" content=\"https:\/\/actua.ca\/fr\/carrieres\" \/>\n<meta property=\"og:site_name\" content=\"Actua\" \/>\n<meta property=\"article:modified_time\" content=\"2025-11-12T15:50:11+00:00\" \/>\n<meta name=\"twitter:card\" content=\"summary_large_image\" \/>\n<script type=\"application\/ld+json\" class=\"yoast-schema-graph\">{\"@context\":\"https:\\\/\\\/schema.org\",\"@graph\":[{\"@type\":\"WebPage\",\"@id\":\"https:\\\/\\\/actua.ca\\\/fr\\\/carrieres\",\"url\":\"https:\\\/\\\/actua.ca\\\/fr\\\/carrieres\",\"name\":\"Carri\u00e8res | Actua\",\"isPartOf\":{\"@id\":\"https:\\\/\\\/actua.ca\\\/#website\"},\"datePublished\":\"2022-03-04T00:55:50+00:00\",\"dateModified\":\"2025-11-12T15:50:11+00:00\",\"description\":\"Consultez les opportunit\u00e9s de carri\u00e8re en STIM chez Actua. Faites une diff\u00e9rence et aidez nous \u00e0 r\u00e9duire les in\u00e9galit\u00e9s dans l\u2019\u00e9cosyst\u00e8me de l\u2019innovation!\",\"breadcrumb\":{\"@id\":\"https:\\\/\\\/actua.ca\\\/fr\\\/carrieres#breadcrumb\"},\"inLanguage\":\"fr-FR\",\"potentialAction\":[{\"@type\":\"ReadAction\",\"target\":[\"https:\\\/\\\/actua.ca\\\/fr\\\/carrieres\"]}]},{\"@type\":\"BreadcrumbList\",\"@id\":\"https:\\\/\\\/actua.ca\\\/fr\\\/carrieres#breadcrumb\",\"itemListElement\":[{\"@type\":\"ListItem\",\"position\":1,\"name\":\"Home\",\"item\":\"https:\\\/\\\/actua.ca\\\/fr\"},{\"@type\":\"ListItem\",\"position\":2,\"name\":\"Carri\u00e8res\"}]},{\"@type\":\"WebSite\",\"@id\":\"https:\\\/\\\/actua.ca\\\/#website\",\"url\":\"https:\\\/\\\/actua.ca\\\/\",\"name\":\"Actua\",\"description\":\"\",\"potentialAction\":[{\"@type\":\"SearchAction\",\"target\":{\"@type\":\"EntryPoint\",\"urlTemplate\":\"https:\\\/\\\/actua.ca\\\/?s={search_term_string}\"},\"query-input\":{\"@type\":\"PropertyValueSpecification\",\"valueRequired\":true,\"valueName\":\"search_term_string\"}}],\"inLanguage\":\"fr-FR\"}]}<\/script>\n<!-- \/ Yoast SEO plugin. -->","yoast_head_json":{"title":"Carri\u00e8res | Actua","description":"Consultez les opportunit\u00e9s de carri\u00e8re en STIM chez Actua. Faites une diff\u00e9rence et aidez nous \u00e0 r\u00e9duire les in\u00e9galit\u00e9s dans l\u2019\u00e9cosyst\u00e8me de l\u2019innovation!","robots":{"index":"index","follow":"follow","max-snippet":"max-snippet:-1","max-image-preview":"max-image-preview:large","max-video-preview":"max-video-preview:-1"},"canonical":"https:\/\/actua.ca\/fr\/carrieres","og_locale":"fr_FR","og_type":"article","og_title":"Carri\u00e8res | Actua","og_description":"Consultez les opportunit\u00e9s de carri\u00e8re en STIM chez Actua. Faites une diff\u00e9rence et aidez nous \u00e0 r\u00e9duire les in\u00e9galit\u00e9s dans l\u2019\u00e9cosyst\u00e8me de l\u2019innovation!","og_url":"https:\/\/actua.ca\/fr\/carrieres","og_site_name":"Actua","article_modified_time":"2025-11-12T15:50:11+00:00","twitter_card":"summary_large_image","schema":{"@context":"https:\/\/schema.org","@graph":[{"@type":"WebPage","@id":"https:\/\/actua.ca\/fr\/carrieres","url":"https:\/\/actua.ca\/fr\/carrieres","name":"Carri\u00e8res | Actua","isPartOf":{"@id":"https:\/\/actua.ca\/#website"},"datePublished":"2022-03-04T00:55:50+00:00","dateModified":"2025-11-12T15:50:11+00:00","description":"Consultez les opportunit\u00e9s de carri\u00e8re en STIM chez Actua. Faites une diff\u00e9rence et aidez nous \u00e0 r\u00e9duire les in\u00e9galit\u00e9s dans l\u2019\u00e9cosyst\u00e8me de l\u2019innovation!","breadcrumb":{"@id":"https:\/\/actua.ca\/fr\/carrieres#breadcrumb"},"inLanguage":"fr-FR","potentialAction":[{"@type":"ReadAction","target":["https:\/\/actua.ca\/fr\/carrieres"]}]},{"@type":"BreadcrumbList","@id":"https:\/\/actua.ca\/fr\/carrieres#breadcrumb","itemListElement":[{"@type":"ListItem","position":1,"name":"Home","item":"https:\/\/actua.ca\/fr"},{"@type":"ListItem","position":2,"name":"Carri\u00e8res"}]},{"@type":"WebSite","@id":"https:\/\/actua.ca\/#website","url":"https:\/\/actua.ca\/","name":"Actua","description":"","potentialAction":[{"@type":"SearchAction","target":{"@type":"EntryPoint","urlTemplate":"https:\/\/actua.ca\/?s={search_term_string}"},"query-input":{"@type":"PropertyValueSpecification","valueRequired":true,"valueName":"search_term_string"}}],"inLanguage":"fr-FR"}]}},"_links":{"self":[{"href":"https:\/\/actua.ca\/fr\/wp-json\/wp\/v2\/pages\/3498","targetHints":{"allow":["GET"]}}],"collection":[{"href":"https:\/\/actua.ca\/fr\/wp-json\/wp\/v2\/pages"}],"about":[{"href":"https:\/\/actua.ca\/fr\/wp-json\/wp\/v2\/types\/page"}],"author":[{"embeddable":true,"href":"https:\/\/actua.ca\/fr\/wp-json\/wp\/v2\/users\/13"}],"replies":[{"embeddable":true,"href":"https:\/\/actua.ca\/fr\/wp-json\/wp\/v2\/comments?post=3498"}],"version-history":[{"count":0,"href":"https:\/\/actua.ca\/fr\/wp-json\/wp\/v2\/pages\/3498\/revisions"}],"wp:attachment":[{"href":"https:\/\/actua.ca\/fr\/wp-json\/wp\/v2\/media?parent=3498"}],"curies":[{"name":"wp","href":"https:\/\/api.w.org\/{rel}","templated":true}]}}